{"id":16343,"date":"2025-07-21T22:15:51","date_gmt":"2025-07-21T20:15:51","guid":{"rendered":"https:\/\/almenas.es\/site-map-articulos\/"},"modified":"2025-07-21T22:30:28","modified_gmt":"2025-07-21T20:30:28","slug":"site-map-articulos","status":"publish","type":"page","link":"https:\/\/almenas.es\/fr\/site-map-articulos\/","title":{"rendered":"Site map art\u00edculos"},"content":{"rendered":"\t\t<div data-elementor-type=\"wp-page\" data-elementor-id=\"16343\" class=\"elementor elementor-16343 elementor-16332\" data-elementor-post-type=\"page\">\n\t\t\t\t\t\t<section class=\"elementor-section elementor-top-section elementor-element elementor-element-7fb4a57 elementor-section-boxed elementor-section-height-default elementor-section-height-default\" data-id=\"7fb4a57\" data-element_type=\"section\">\n\t\t\t\t\t\t<div class=\"elementor-container elementor-column-gap-default\">\n\t\t\t\t\t<div class=\"elementor-column elementor-col-100 elementor-top-column elementor-element elementor-element-081afe7\" data-id=\"081afe7\" data-element_type=\"column\">\n\t\t\t<div class=\"elementor-widget-wrap elementor-element-populated\">\n\t\t\t\t\t\t<div class=\"elementor-element elementor-element-15f2977 elementor-widget elementor-widget-shortcode\" data-id=\"15f2977\" data-element_type=\"widget\" data-widget_type=\"shortcode.default\">\n\t\t\t\t<div class=\"elementor-widget-container\">\n\t\t\t\t\t\t\t<div class=\"elementor-shortcode\"><ul class=\"display-posts-listing\"><li class=\"listing-item\"><a class=\"title\" href=\"https:\/\/almenas.es\/fr\/hotel-pour-chiens-pension-canine-securisee\/\">H\u00f4tel pour chiens : 7 cl\u00e9s pour choisir une pension canine en toute confiance<\/a><\/li><li class=\"listing-item\"><a class=\"title\" href=\"https:\/\/almenas.es\/fr\/origine-du-pomeranien-histoire-evolution-lulu\/\">Origine du pom\u00e9ranien : histoire et \u00e9volution d\u2019un petit chien pas si petit \u00e0 l\u2019origine<\/a><\/li><li class=\"listing-item\"><a class=\"title\" href=\"https:\/\/almenas.es\/fr\/comment-savoir-si-un-chien-a-du-diabete\/\">Comment savoir si un chien a du diab\u00e8te : les signes \u00e0 rep\u00e9rer \u00e0 temps<\/a><\/li><li class=\"listing-item\"><a class=\"title\" href=\"https:\/\/almenas.es\/fr\/origine-du-caniche-histoire-evolution-toy\/\">Origine du caniche : 7 cl\u00e9s sur son histoire et son \u00e9volution<\/a><\/li><li class=\"listing-item\"><a class=\"title\" href=\"https:\/\/almenas.es\/fr\/yorkshire-terrier-ou-west-highland-white-terrier\/\">Yorkshire Terrier vs West Highland White Terrier : quelles diff\u00e9rences et lequel choisir ?<\/a><\/li><li class=\"listing-item\"><a class=\"title\" href=\"https:\/\/almenas.es\/fr\/histoire-schnauzer-nain-origine-evolution\/\">Histoire du Schnauzer : du chien de ferme \u00e0 l\u2019ic\u00f4ne canine<\/a><\/li><li class=\"listing-item\"><a class=\"title\" href=\"https:\/\/almenas.es\/fr\/randonnees-faciles-dans-les-asturies-avec-chien\/\">7 randonn\u00e9es faciles dans les Asturies \u00e0 faire avec son chien<\/a><\/li><li class=\"listing-item\"><a class=\"title\" href=\"https:\/\/almenas.es\/fr\/caniche-toy-rouge-abricot-noir-choisir\/\">Caniche Toy rouge, abricot ou noir : comment choisir la bonne couleur<\/a><\/li><li class=\"listing-item\"><a class=\"title\" href=\"https:\/\/almenas.es\/fr\/signes-chien-jaloux\/\">7 signes d\u2019un chien jaloux et ce qu\u2019ils veulent dire<\/a><\/li><li class=\"listing-item\"><a class=\"title\" href=\"https:\/\/almenas.es\/fr\/chiens-terriers-origine-caractere-races\/\">Chiens terriers : origine, caract\u00e8re et races les plus populaires<\/a><\/li><li class=\"listing-item\"><a class=\"title\" href=\"https:\/\/almenas.es\/fr\/acheter-pomeranien-guide-pour-bien-choisir-son-chiot\/\">Acheter un Pom\u00e9ranien : guide pour bien choisir son chiot<\/a><\/li><li class=\"listing-item\"><a class=\"title\" href=\"https:\/\/almenas.es\/fr\/races-de-chiens-toy-mythes-realites\/\">Races de chiens toy : mythes et r\u00e9alit\u00e9s<\/a><\/li><li class=\"listing-item\"><a class=\"title\" href=\"https:\/\/almenas.es\/fr\/acheter-un-chihuahua-prix-conseils-et-elevage\/\">Acheter un Chihuahua : prix, conseils et o\u00f9 l\u2019acheter (2026)<\/a><\/li><li class=\"listing-item\"><a class=\"title\" href=\"https:\/\/almenas.es\/fr\/chiot-maltipoo-biewer-terrier\/\">Chiot Maltipoo ou Biewer Terrier : lequel choisir ?<\/a><\/li><li class=\"listing-item\"><a class=\"title\" href=\"https:\/\/almenas.es\/fr\/acheter-un-chien-nain-races-conseils-eleveur\/\">Acheter un chien nain : races, conseils et erreurs 2025<\/a><\/li><li class=\"listing-item\"><a class=\"title\" href=\"https:\/\/almenas.es\/fr\/nom-de-chien-femelle-idees-jolies-styles\/\">100 noms de chiennes : id\u00e9es jolies, originales et parfaites pour petites races<\/a><\/li><li class=\"listing-item\"><a class=\"title\" href=\"https:\/\/almenas.es\/fr\/chihuahua-toy-ou-spitz-nain-quelle-race-choisir\/\">Chihuahua Toy vs Spitz Nain Pomeranian : deux races mini pleines de charme<\/a><\/li><li class=\"listing-item\"><a class=\"title\" href=\"https:\/\/almenas.es\/fr\/shih-tzu-chiot-guide-complet-prix-bien-choisir\/\">Acheter un Shih Tzu : tout ce qu\u2019il faut savoir avant d\u2019accueillir votre chiot<\/a><\/li><li class=\"listing-item\"><a class=\"title\" href=\"https:\/\/almenas.es\/fr\/bichon-maltais-caniche-nain-differences-prix-2025\/\">Bichon Maltais vs Caniche Nain : les 5 diff\u00e9rences essentielles (2025)<\/a><\/li><li class=\"listing-item\"><a class=\"title\" href=\"https:\/\/almenas.es\/fr\/11-race-de-petit-chien-guide-chiens-toy\/\">11 races de chiens toy selon ton style de vie<\/a><\/li><li class=\"listing-item\"><a class=\"title\" href=\"https:\/\/almenas.es\/fr\/westie-vs-schnauzer-nain-guide-complet-2025\/\">Westie ou Schnauzer nain ? Le comparatif complet pour bien choisir en 2025<\/a><\/li><li class=\"listing-item\"><a class=\"title\" href=\"https:\/\/almenas.es\/fr\/chiens-nains-chihuahua-teckel\/\">Chiens nains : Chihuahua ou Teckel, lequel choisir en 2025 ?<\/a><\/li><li class=\"listing-item\"><a class=\"title\" href=\"https:\/\/almenas.es\/fr\/toilettage-caniche-guide-2025\/\">Toilettage du caniche : styles tendance et conseils d\u2019experts<\/a><\/li><li class=\"listing-item\"><a class=\"title\" href=\"https:\/\/almenas.es\/fr\/chien-blanc-taches-lacrymales-causes-soins-prevenir\/\">Chien blanc : taches marron sous les yeux (oxydation lacrymale) \u2014 causes, soins, pr\u00e9vention et conseils d\u2019\u00e9leveur en 2025<\/a><\/li><li class=\"listing-item\"><a class=\"title\" href=\"https:\/\/almenas.es\/fr\/vermifuge-chien-guide-calendrier-types-conseils-2025\/\">Vermifuge pour chien : guide complet 2025<\/a><\/li><li class=\"listing-item\"><a class=\"title\" href=\"https:\/\/almenas.es\/fr\/caniche-toy-guide-complet-caractere-prix-soins-2025\/\">Caniche Toy (ou Nain) : tout savoir sur ce compagnon unique en 2025<\/a><\/li><li class=\"listing-item\"><a class=\"title\" href=\"https:\/\/almenas.es\/fr\/types-chihuahua-guide-complet-2025\/\">Types de Chihuahua : guide complet 2025<\/a><\/li><li class=\"listing-item\"><a class=\"title\" href=\"https:\/\/almenas.es\/fr\/biewer-terrier-vs-yorkshire-terrier-differences-2\/\">Biewer Terrier vs Yorkshire Terrier : toutes les diff\u00e9rences, prix et conseils pour bien choisir en 2025<\/a><\/li><li class=\"listing-item\"><a class=\"title\" href=\"https:\/\/almenas.es\/fr\/vaccin-rage-chien-guide-prix-rappel-guide-complet\/\">Vaccin rage chien : guide complet 2025 pour prot\u00e9ger votre compagnon<\/a><\/li><li class=\"listing-item\"><a class=\"title\" href=\"https:\/\/almenas.es\/fr\/types-de-teckel-guide-complet\/\">Types de teckel : la grande famille du chien saucisse<\/a><\/li><li class=\"listing-item\"><a class=\"title\" href=\"https:\/\/almenas.es\/fr\/maltipoo-yorkshire-toy-guide-complet-2025\/\">Maltipoo vs Yorkshire Toy : lequel est fait pour toi ?<\/a><\/li><li class=\"listing-item\"><a class=\"title\" href=\"https:\/\/almenas.es\/fr\/chiens-toy-races-caniche-pomeranien-conseils\/\">Chiens toy : races populaires, soins et conseils d\u2019experts<\/a><\/li><li class=\"listing-item\"><a class=\"title\" href=\"https:\/\/almenas.es\/fr\/spitz-nain-prix-pomeranien-eleveur\/\">Spitz nain: Le charme miniature<\/a><\/li><li class=\"listing-item\"><a class=\"title\" href=\"https:\/\/almenas.es\/fr\/schnauzer-nain-caractere-soins-prix\/\">Schnauzer nain : caract\u00e8re, soins, vari\u00e9t\u00e9s et prix en 2025<\/a><\/li><li class=\"listing-item\"><a class=\"title\" href=\"https:\/\/almenas.es\/fr\/poids-chien-ideal-surpoids\/\">Poids chien : guide complet pour \u00e9viter le surpoids<\/a><\/li><li class=\"listing-item\"><a class=\"title\" href=\"https:\/\/almenas.es\/fr\/races-de-petits-chiens-blancs-almenas\/\">Races de petits chiens blancs : les 10 compagnons les plus adorables<\/a><\/li><li class=\"listing-item\"><a class=\"title\" href=\"https:\/\/almenas.es\/fr\/chiens-hypoallergeniques-races-conseils-elevage\/\">Chiens hypoallerg\u00e9niques : races, conseils et \u00e9levage sp\u00e9cialis\u00e9<\/a><\/li><li class=\"listing-item\"><a class=\"title\" href=\"https:\/\/almenas.es\/fr\/eleveur-westie-espagne-chiots-livres-france\/\">\u00c9leveur Westie Espagne : chiots de qualit\u00e9 &#038; livr\u00e9s en France<\/a><\/li><li class=\"listing-item\"><a class=\"title\" href=\"https:\/\/almenas.es\/fr\/schnauzer-nain-guide-complet-caractere-prix-eleveurs\/\">Schnauzer nain : guide complet 2025 sur le caract\u00e8re, le prix et les \u00e9leveurs<\/a><\/li><li class=\"listing-item\"><a class=\"title\" href=\"https:\/\/almenas.es\/fr\/quels-sont-les-3-types-de-teckel\/\">Quels sont les 3 types de teckel ? Guide complet 2025 : poil ras, poil long, poil dur + teckel nain &#038; kaninchen<\/a><\/li><li class=\"listing-item\"><a class=\"title\" href=\"https:\/\/almenas.es\/fr\/chien-maltipoo-a-vendre-france-2025\/\">Chien Maltipoo : prix, caract\u00e8re et guide pour trouver le meilleur \u00e9levage<\/a><\/li><li class=\"listing-item\"><a class=\"title\" href=\"https:\/\/almenas.es\/fr\/coup-de-chaleur-chien-astuces-pour-leviter\/\">Coup de chaleur chien : les signes qui doivent vraiment t\u2019alerter<\/a><\/li><li class=\"listing-item\"><a class=\"title\" href=\"https:\/\/almenas.es\/fr\/elevage-de-chiens-toy-france-2025\/\">\u00c9levage de chiens toy : le guide pour choisir un \u00e9levage \u00e9thique en France<\/a><\/li><li class=\"listing-item\"><a class=\"title\" href=\"https:\/\/almenas.es\/fr\/noms-de-chiens-francais-80-idees-chic-et-adorables\/\">Noms de chiens fran\u00e7ais : +80 id\u00e9es chic et adorables<\/a><\/li><li class=\"listing-item\"><a class=\"title\" href=\"https:\/\/almenas.es\/fr\/toilettage-du-yorkshire-toy-le-guide-complet-pour-bien-couper-les-poils-a-la-maison\/\">Toilettage du Yorkshire Toy : le guide complet pour bien couper les poils \u00e0 la maison<\/a><\/li><li class=\"listing-item\"><a class=\"title\" href=\"https:\/\/almenas.es\/fr\/westie-guide-complet-eleveur-specialiste\/\">Westie : caract\u00e8re, origine et conseils d\u2019un bon \u00e9levage<\/a><\/li><li class=\"listing-item\"><a class=\"title\" href=\"https:\/\/almenas.es\/fr\/differences-chien-toy-et-minature-guide-choisir-2025\/\">Diff\u00e9rences chien toy et minature : guide complet pour choisir entre chien toy, mini ou standard<\/a><\/li><li class=\"listing-item\"><a class=\"title\" href=\"https:\/\/almenas.es\/fr\/10-activites-dete-avec-chien-a-vivre-ensemble\/\">10 activit\u00e9s d\u2019\u00e9t\u00e9 avec chien \u00e0 vivre ensemble<\/a><\/li><li class=\"listing-item\"><a class=\"title\" href=\"https:\/\/almenas.es\/fr\/maltipoo-ou-shih-tzu-quelle-race-choisir\/\">Maltipoo ou Shih Tzu ? Un comparatif rapide (2025)<\/a><\/li><li class=\"listing-item\"><a class=\"title\" href=\"https:\/\/almenas.es\/fr\/5-criteres-choisir-meilleur-hotel-pour-chien\/\">H\u00f4tel pour chien: 5 crit\u00e8res pour choisir le meilleur<\/a><\/li><li class=\"listing-item\"><a class=\"title\" href=\"https:\/\/almenas.es\/fr\/chiens-toy-pour-appartement-top-5-races\/\">Chiens toy pour appartement\u202f: top 5 races absolument id\u00e9ales<\/a><\/li><li class=\"listing-item\"><a class=\"title\" href=\"https:\/\/almenas.es\/fr\/bienfaits-davoir-un-chien\/\">Bienfaits d&rsquo;avoir un chien : amour, sant\u00e9 et bonheur au quotidien<\/a><\/li><li class=\"listing-item\"><a class=\"title\" href=\"https:\/\/almenas.es\/fr\/quest-ce-quun-chien-toy-races-avantages-et-prix-2025\/\">Qu\u2019est-ce qu\u2019un chien toy ? Races, avantages et prix 2025<\/a><\/li><li class=\"listing-item\"><a class=\"title\" href=\"https:\/\/almenas.es\/fr\/shih-tzu-guide-chien-toy-calin-2025\/\">Shih Tzu : guide complet 2025 pour tout savoir sur ce chien toy imp\u00e9rial<\/a><\/li><li class=\"listing-item\"><a class=\"title\" href=\"https:\/\/almenas.es\/fr\/elevage-de-chiens-legal-en-france-guide-2025\/\">\u00c9levage de chiens l\u00e9gal : 7 signes pour ne pas se faire avoir<\/a><\/li><li class=\"listing-item\"><a class=\"title\" href=\"https:\/\/almenas.es\/fr\/mon-chien-aboie-tout-le-temps-causes-et-solutions\/\">Mon chien aboie tout le temps : causes et conseils pour retrouver le calme<\/a><\/li><li class=\"listing-item\"><a class=\"title\" href=\"https:\/\/almenas.es\/fr\/10-avantages-davoir-un-chien\/\">Les 10 avantages d\u2019avoir un chien : ce compagnon qui change la vie<\/a><\/li><li class=\"listing-item\"><a class=\"title\" href=\"https:\/\/almenas.es\/fr\/maltipoo-toy-caractere-entretien-adoption\/\">Maltipoo : caract\u00e8re, prix, entretien\u2026 Le guide 2025 du chien peluche<\/a><\/li><li class=\"listing-item\"><a class=\"title\" href=\"https:\/\/almenas.es\/fr\/accueillir-un-chiot-nos-7-conseils\/\">Accueillir un chiot : nos 7 conseils pour une arriv\u00e9e tout en douceur<\/a><\/li><li class=\"listing-item\"><a class=\"title\" href=\"https:\/\/almenas.es\/fr\/omega-3-pour-chien-bienfaits-alimentation\/\">Om\u00e9ga 3 pour chien : la petite dose de magie qui change tout<\/a><\/li><li class=\"listing-item\"><a class=\"title\" href=\"https:\/\/almenas.es\/fr\/nourriture-naturelle-pour-chien-guide-complet\/\">Nourriture naturelle pour chien : 7 v\u00e9rit\u00e9s pour changer sa gamelle sans stress<\/a><\/li><li class=\"listing-item\"><a class=\"title\" href=\"https:\/\/almenas.es\/fr\/mon-chien-respire-comme-sil-setouffait\/\">Mon chien respire comme s\u2019il s\u2019\u00e9touffait : les 9 vraies causes \u00e0 conna\u00eetre<\/a><\/li><li class=\"listing-item\"><a class=\"title\" href=\"https:\/\/almenas.es\/fr\/pourquoi-mon-chien-dort-a-mes-pieds\/\">Pourquoi mon chien dort \u00e0 mes pieds ? Ce que \u00e7a dit (vraiment) de lui\u2026<\/a><\/li><li class=\"listing-item\"><a class=\"title\" href=\"https:\/\/almenas.es\/fr\/collier-electrique-pour-chien-5-verites-qui-font-mal\/\">Collier \u00e9lectrique pour chien : 5 v\u00e9rit\u00e9s qui font mal<\/a><\/li><li class=\"listing-item\"><a class=\"title\" href=\"https:\/\/almenas.es\/fr\/stress-chez-le-chien-comment-le-reconnaitre\/\">Stress chez le chien : 7 signes \u00e0 ne pas ignorer (et comment r\u00e9agir)<\/a><\/li><li class=\"listing-item\"><a class=\"title\" href=\"https:\/\/almenas.es\/fr\/urbason-chez-le-chien-guide-2025-pour-bien-lutiliser\/\">Urbason chez le chien : guide 2025 pour bien l\u2019utiliser<\/a><\/li><li class=\"listing-item\"><a class=\"title\" href=\"https:\/\/almenas.es\/fr\/parasites-du-chien-7-signes-a-ne-pas-ignorer\/\">Parasites du chien : 7 signes \u00e0 ne pas ignorer<\/a><\/li><li class=\"listing-item\"><a class=\"title\" href=\"https:\/\/almenas.es\/fr\/nourrir-un-chiot-4-etapes-cles-pour-bien-demarrer\/\">Nourrir un chiot : 4 \u00e9tapes cl\u00e9s pour bien d\u00e9marrer<\/a><\/li><li class=\"listing-item\"><a class=\"title\" href=\"https:\/\/almenas.es\/fr\/mon-chien-a-peur-des-feux-d-artifice\/\">Mon chien a peur des feux d\u2019artifice : 5 conseils efficaces pour le rassurer<\/a><\/li><li class=\"listing-item\"><a class=\"title\" href=\"https:\/\/almenas.es\/fr\/metronidazole-pour-chien-a-quoi-ca-sert\/\">M\u00e9tronidazole pour chien 2025 : \u00e0 quoi \u00e7a sert et quand l\u2019utiliser<\/a><\/li><li class=\"listing-item\"><a class=\"title\" href=\"https:\/\/almenas.es\/fr\/les-meilleurs-harnais-pour-chien-2025-types-conseils-et-erreurs-a-eviter\/\">Les meilleurs harnais pour chien 2025 : types, conseils et erreurs \u00e0 \u00e9viter<\/a><\/li><li class=\"listing-item\"><a class=\"title\" href=\"https:\/\/almenas.es\/fr\/teckel-arlequin-nain-guide-complet\/\">Teckel Arlequin Nain en France: Guide Complet 2025<\/a><\/li><li class=\"listing-item\"><a class=\"title\" href=\"https:\/\/almenas.es\/fr\/gateau-pour-chien-4-recettes-maison-faciles\/\">G\u00e2teau pour chien : simple, sain et 100 % bonheur<\/a><\/li><li class=\"listing-item\"><a class=\"title\" href=\"https:\/\/almenas.es\/fr\/boule-sous-la-peau-du-chien-benigne-ou-pas\/\">Boule sous la peau du chien : 9 causes possibles (b\u00e9nignes ou pas?)<\/a><\/li><li class=\"listing-item\"><a class=\"title\" href=\"https:\/\/almenas.es\/fr\/croquettes-light-pour-chien-eviter-le-surpoids\/\">\u00bfCroquettes light pour chien? 12 ingr\u00e9dients naturels pour \u00e9viter le surpoids<\/a><\/li><li class=\"listing-item\"><a class=\"title\" href=\"https:\/\/almenas.es\/fr\/astuces-pour-faire-cohabiter-un-chien-et-un-chat\/\">Faire cohabiter un chien et un chat : 5 astuces pour une entente parfaite<\/a><\/li><li class=\"listing-item\"><a class=\"title\" href=\"https:\/\/almenas.es\/fr\/creme-solaire-pour-chien-proteger-du-soleil\/\">Cr\u00e8me solaire pour chien : prot\u00e8ge ton compagnon cet \u00e9t\u00e9 2025<\/a><\/li><li class=\"listing-item\"><a class=\"title\" href=\"https:\/\/almenas.es\/fr\/brosser-les-dents-de-son-chien-guide-100-complet\/\">Comment brosser les dents de son chien : guide 100% complet<\/a><\/li><li class=\"listing-item\"><a class=\"title\" href=\"https:\/\/almenas.es\/fr\/vacances-avec-chien-en-ete-idees-conseils-destinations\/\">Vacances avec chien : id\u00e9es, conseils et destinations pour cet \u00e9t\u00e9 2025<\/a><\/li><li class=\"listing-item\"><a class=\"title\" href=\"https:\/\/almenas.es\/fr\/coup-de-chaleur-chez-le-chien-symptomes-et-prevention\/\">Coup de chaleur chez le chien : le guide de pr\u00e9vention 100% utile<\/a><\/li><li class=\"listing-item\"><a class=\"title\" href=\"https:\/\/almenas.es\/fr\/5-recettes-top-de-biscuits-pour-chien-faits-maison\/\">5 Recettes TOP de biscuits pour chien faits maison<\/a><\/li><li class=\"listing-item\"><a class=\"title\" href=\"https:\/\/almenas.es\/fr\/alimentation-du-chiot-le-guide-complet\/\">Quand commencer l\u2019alimentation du chiot ? Conseils 100% pratiques<\/a><\/li><li class=\"listing-item\"><a class=\"title\" href=\"https:\/\/almenas.es\/fr\/techniques-de-dressage-canin-le-guide\/\">Dressage Canin: Le guide 100 % EFFICACE<\/a><\/li><li class=\"listing-item\"><a class=\"title\" href=\"https:\/\/almenas.es\/fr\/premiers-secours-pour-chiens-5-gestes-simples\/\">Premiers secours pour chiens : 5 gestes simples<\/a><\/li><li class=\"listing-item\"><a class=\"title\" href=\"https:\/\/almenas.es\/fr\/pourquoi-mon-chien-aboie-les-5-raisons-principales\/\">Pourquoi mon chien aboie? Les 5 raisons principales<\/a><\/li><li class=\"listing-item\"><a class=\"title\" href=\"https:\/\/almenas.es\/fr\/les-7-races-de-chiens-les-plus-tranquilles\/\">Les 7 races de chiens les plus tranquilles<\/a><\/li><li class=\"listing-item\"><a class=\"title\" href=\"https:\/\/almenas.es\/fr\/les-dangers-du-chocolat-chez-les-chiens-intoxication\/\">5 Dangers du chocolat chez les chiens<\/a><\/li><li class=\"listing-item\"><a class=\"title\" href=\"https:\/\/almenas.es\/fr\/embryon-psychologique-chez-les-chiennes-symptomes\/\">Embryon Psychologique : 9 sympt\u00f4mes Qui vont Te Faire lever le sourcil<\/a><\/li><li class=\"listing-item\"><a class=\"title\" href=\"https:\/\/almenas.es\/fr\/traitements-naturels-anti-puces-comment-eliminer-puces\/\">7 traitements naturels anti-puces chez le chien<\/a><\/li><li class=\"listing-item\"><a class=\"title\" href=\"https:\/\/almenas.es\/fr\/tout-savoir-mise-bas-chez-la-chienne\/\">Les 3 phases cl\u00e9s de la mise bas chez la chienne<\/a><\/li><li class=\"listing-item\"><a class=\"title\" href=\"https:\/\/almenas.es\/fr\/otite-chez-le-chien-comment-soulager-ses-oreilles\/\">Les 12 sympt\u00f4mes de l&rsquo;otite chez le chien<\/a><\/li><li class=\"listing-item\"><a class=\"title\" href=\"https:\/\/almenas.es\/fr\/ton-chien-sent-mauvais-voici-5-astuces-pour-dire-adieu-a-lodeur\/\">Ton chien sent mauvais ? Voici 5 astuces pour dire adieu \u00e0 l&rsquo;odeur !<\/a><\/li><li class=\"listing-item\"><a class=\"title\" href=\"https:\/\/almenas.es\/fr\/mon-chien-vomit-de-la-mousse-blanche-quoi-faire\/\">5 Raisons pour lesquelles mon chien VOMIT de la MOUSSE BLANCHE<\/a><\/li><li class=\"listing-item\"><a class=\"title\" href=\"https:\/\/almenas.es\/fr\/les-vaccins-pour-chiens-indispensables-en-france\/\">Le calendrier des vaccins pour les chiots de 0 \u00e0 6 mois<\/a><\/li><li class=\"listing-item\"><a class=\"title\" href=\"https:\/\/almenas.es\/fr\/alimentation-naturelle-pour-chiens-raisons-avantages\/\">6 Raisons PUISSANTES d&rsquo;opter pour l&rsquo;alimentation naturelle pour chiens<\/a><\/li><\/ul><\/div>\n\t\t\t\t\t\t<\/div>\n\t\t\t\t<\/div>\n\t\t\t\t\t<\/div>\n\t\t<\/div>\n\t\t\t\t\t<\/div>\n\t\t<\/section>\n\t\t\t\t<section class=\"elementor-section elementor-top-section elementor-element elementor-element-62ecb79 elementor-section-boxed elementor-section-height-default elementor-section-height-default\" data-id=\"62ecb79\" data-element_type=\"section\">\n\t\t\t\t\t\t<div class=\"elementor-container elementor-column-gap-default\">\n\t\t\t\t\t<div class=\"elementor-column elementor-col-100 elementor-top-column elementor-element elementor-element-bc68f62\" data-id=\"bc68f62\" data-element_type=\"column\">\n\t\t\t<div class=\"elementor-widget-wrap\">\n\t\t\t\t\t\t\t<\/div>\n\t\t<\/div>\n\t\t\t\t\t<\/div>\n\t\t<\/section>\n\t\t\t\t<\/div>\n\t\t","protected":false},"excerpt":{"rendered":"","protected":false},"author":1,"featured_media":0,"parent":0,"menu_order":0,"comment_status":"closed","ping_status":"closed","template":"","meta":{"footnotes":""},"tags":[],"class_list":["post-16343","page","type-page","status-publish","hentry"],"_links":{"self":[{"href":"https:\/\/almenas.es\/fr\/wp-json\/wp\/v2\/pages\/16343","targetHints":{"allow":["GET"]}}],"collection":[{"href":"https:\/\/almenas.es\/fr\/wp-json\/wp\/v2\/pages"}],"about":[{"href":"https:\/\/almenas.es\/fr\/wp-json\/wp\/v2\/types\/page"}],"author":[{"embeddable":true,"href":"https:\/\/almenas.es\/fr\/wp-json\/wp\/v2\/users\/1"}],"replies":[{"embeddable":true,"href":"https:\/\/almenas.es\/fr\/wp-json\/wp\/v2\/comments?post=16343"}],"version-history":[{"count":2,"href":"https:\/\/almenas.es\/fr\/wp-json\/wp\/v2\/pages\/16343\/revisions"}],"predecessor-version":[{"id":16357,"href":"https:\/\/almenas.es\/fr\/wp-json\/wp\/v2\/pages\/16343\/revisions\/16357"}],"wp:attachment":[{"href":"https:\/\/almenas.es\/fr\/wp-json\/wp\/v2\/media?parent=16343"}],"wp:term":[{"taxonomy":"post_tag","embeddable":true,"href":"https:\/\/almenas.es\/fr\/wp-json\/wp\/v2\/tags?post=16343"}],"curies":[{"name":"wp","href":"https:\/\/api.w.org\/{rel}","templated":true}]}}